{"id":1778,"date":"2024-07-31T09:43:53","date_gmt":"2024-07-31T07:43:53","guid":{"rendered":"https:\/\/femkerites.hu\/?page_id=1778"},"modified":"2024-08-07T09:36:35","modified_gmt":"2024-08-07T07:36:35","slug":"vadhalo","status":"publish","type":"page","link":"https:\/\/femkerites.hu\/en\/vadhalo\/","title":{"rendered":"Wire mesh for the agriculture"},"content":{"rendered":"<p>[et_pb_section fb_built=&#8221;1&#8243; _builder_version=&#8221;4.26.1&#8243; _module_preset=&#8221;default&#8221; global_colors_info=&#8221;{}&#8221;][et_pb_row _builder_version=&#8221;4.26.1&#8243; _module_preset=&#8221;default&#8221; global_colors_info=&#8221;{}&#8221;][et_pb_column type=&#8221;4_4&#8243; _builder_version=&#8221;4.26.1&#8243; _module_preset=&#8221;default&#8221; global_colors_info=&#8221;{}&#8221;][et_pb_heading title=&#8221;Vadh\u00e1l\u00f3k&#8221; _builder_version=&#8221;4.27.0&#8243; _module_preset=&#8221;default&#8221; global_colors_info=&#8221;{}&#8221;][\/et_pb_heading][\/et_pb_column][\/et_pb_row][et_pb_row column_structure=&#8221;1_3,2_3&#8243; _builder_version=&#8221;4.26.1&#8243; _module_preset=&#8221;default&#8221; global_colors_info=&#8221;{}&#8221;][et_pb_column type=&#8221;1_3&#8243; _builder_version=&#8221;4.26.1&#8243; _module_preset=&#8221;default&#8221; global_colors_info=&#8221;{}&#8221;][et_pb_image src=&#8221;https:\/\/femkerites.hu\/wp-content\/uploads\/2018\/11\/vadhalo-metmark.jpg&#8221; title_text=&#8221;vadhalo-metmark&#8221; _builder_version=&#8221;4.27.0&#8243; _module_preset=&#8221;default&#8221; global_colors_info=&#8221;{}&#8221;][\/et_pb_image][\/et_pb_column][et_pb_column type=&#8221;2_3&#8243; _builder_version=&#8221;4.26.1&#8243; _module_preset=&#8221;default&#8221; global_colors_info=&#8221;{}&#8221;][et_pb_text _builder_version=&#8221;4.27.0&#8243; _module_preset=&#8221;default&#8221; global_colors_info=&#8221;{}&#8221;]<\/p>\n<div class=\"et_pb_module et_pb_text et_pb_text_145  et_pb_text_align_left et_pb_bg_layout_light\">\n<div class=\"et_pb_text_inner\">\n<p>A vadh\u00e1l\u00f3 a sz\u0151l\u0151\u00fcltetv\u00e9nyek, mez\u0151gazdas\u00e1gi ter\u00fcletek \u00e9s erd\u0151k hat\u00e9kony v\u00e9delmez\u0151je a betolakod\u00f3k ellen.<\/p>\n<\/div>\n<\/div>\n<p>[\/et_pb_text][\/et_pb_column][\/et_pb_row][et_pb_row _builder_version=&#8221;4.27.0&#8243; _module_preset=&#8221;default&#8221; global_colors_info=&#8221;{}&#8221;][et_pb_column type=&#8221;4_4&#8243; _builder_version=&#8221;4.26.1&#8243; _module_preset=&#8221;default&#8221; global_colors_info=&#8221;{}&#8221;][et_pb_heading title=&#8221;Param\u00e9terek&#8221; _builder_version=&#8221;4.26.1&#8243; _module_preset=&#8221;default&#8221; background_enable_image=&#8221;off&#8221; global_colors_info=&#8221;{}&#8221;][\/et_pb_heading][et_pb_toggle title=&#8221;Kivitel&#8221; open=&#8221;on&#8221; _builder_version=&#8221;4.27.0&#8243; _module_preset=&#8221;default&#8221; global_colors_info=&#8221;{}&#8221;]<\/p>\n<p>Az \u00e1ltalunk forgalmazott vadh\u00e1l\u00f3k horganyzott ac\u00e9lhuzalb\u00f3l k\u00e9sz\u00fclnek, speci\u00e1lis csom\u00f3z\u00e1si technik\u00e1val.<\/p>\n<p>[\/et_pb_toggle][et_pb_toggle title=&#8221;M\u00e9retek&#8221; open=&#8221;on&#8221; _builder_version=&#8221;4.27.0&#8243; _module_preset=&#8221;default&#8221; global_colors_info=&#8221;{}&#8221;]<\/p>\n<p><strong>Magass\u00e1g:\u00a0<\/strong>160 cm \/ 180 cm \/ 200 cm<\/p>\n<p><strong>Tekercs hossza:<span>\u00a0<\/span><\/strong>50 m\u00e9ter<\/p>\n<p><strong>Sz\u00e1lvastags\u00e1g:<span>\u00a0<\/span><\/strong>f\u00fcgg\u0151leges sz\u00e1l 2,2 mm, v\u00edzszintes sz\u00e1l 2,8 mm<\/p>\n<p>[\/et_pb_toggle][et_pb_toggle title=&#8221;Sz\u00e1lkioszt\u00e1s&#8221; open=&#8221;on&#8221; _builder_version=&#8221;4.27.0&#8243; _module_preset=&#8221;default&#8221; global_colors_info=&#8221;{}&#8221;]<\/p>\n<p>K\u00fcl\u00f6nb\u00f6z\u0151 sz\u00e1lkioszt\u00e1ssal el\u00e9rhet\u0151 k\u00edn\u00e1latunkban. A lyukkioszt\u00e1s alul s\u0171r\u0171bb, felfel\u00e9 haladva ritk\u00e1bb.<\/p>\n<p>Az\u00a0<strong>S S sz\u00e1lkioszt\u00e1s<\/strong><strong>\u00fa vadh\u00e1l\u00f3<\/strong><span>\u00a0<\/span>rakt\u00e1rk\u00e9szletr\u0151l el\u00e9rhet\u0151 Szeksz\u00e1rdon, az<span>\u00a0<\/span><strong>S \u00e9s E sz\u00e1lkioszt\u00e1s\u00fa vadh\u00e1l\u00f3k\u00a0<\/strong>rendelhet\u0151k.<\/p>\n<p>[\/et_pb_toggle][et_pb_toggle title=&#8221;Kieg\u00e9sz\u00edt\u0151k&#8221; open=&#8221;on&#8221; _builder_version=&#8221;4.27.0&#8243; _module_preset=&#8221;default&#8221; global_colors_info=&#8221;{}&#8221;]<\/p>\n<p><span>Ig\u00e9ny szerint cs\u0151 vagy n\u00e9gyzetes f\u00e9moszlop rendelhet\u0151 a telep\u00edt\u00e9shez.<\/span><\/p>\n<p>[\/et_pb_toggle][et_pb_toggle title=&#8221;Rakt\u00e1rk\u00e9szlet&#8221; open=&#8221;on&#8221; _builder_version=&#8221;4.27.0&#8243; _module_preset=&#8221;default&#8221; global_colors_info=&#8221;{}&#8221;]<\/p>\n<p>Az<span>\u00a0<\/span><strong>S S sz\u00e1lkioszt\u00e1s\u00fa vadh\u00e1l\u00f3k<\/strong><span>\u00a0<\/span>valamennyi magass\u00e1gban el\u00e9rhet\u0151k a k\u00e9szlet erej\u00e9ig szeksz\u00e1rdi rakt\u00e1runkban.<\/p>\n<p>Az ett\u0151l elt\u00e9r\u0151 sz\u00e1lkioszt\u00e1s\u00fa vadh\u00e1l\u00f3k rendel\u00e9sre el\u00e9rhet\u0151k.<\/p>\n<p>[\/et_pb_toggle][\/et_pb_column][\/et_pb_row][et_pb_row _builder_version=&#8221;4.26.1&#8243; _module_preset=&#8221;default&#8221; global_colors_info=&#8221;{}&#8221; locked=&#8221;off&#8221;][et_pb_column type=&#8221;4_4&#8243; _builder_version=&#8221;4.26.1&#8243; _module_preset=&#8221;default&#8221; global_colors_info=&#8221;{}&#8221;][et_pb_heading title=&#8221;Aj\u00e1nlatk\u00e9r\u00e9s&#8221; _builder_version=&#8221;4.27.0&#8243; _module_preset=&#8221;default&#8221; background_enable_image=&#8221;off&#8221; hover_enabled=&#8221;0&#8243; global_colors_info=&#8221;{}&#8221; sticky_enabled=&#8221;0&#8243;][\/et_pb_heading][\/et_pb_column][\/et_pb_row][et_pb_row _builder_version=&#8221;4.27.0&#8243; _module_preset=&#8221;default&#8221; global_colors_info=&#8221;{}&#8221; locked=&#8221;off&#8221;][et_pb_column type=&#8221;4_4&#8243; _builder_version=&#8221;4.27.0&#8243; _module_preset=&#8221;default&#8221; global_colors_info=&#8221;{}&#8221;][et_pb_text _builder_version=&#8221;4.27.0&#8243; _module_preset=&#8221;default&#8221; global_colors_info=&#8221;{}&#8221;]<\/p>\n<h2 style=\"text-align: center;\">Would you like more information? Ask for a free call back!<\/h2>\n<p style=\"text-align: center;\">1. Please fill out the callback form exactly.<\/p>\n<p style=\"text-align: center;\">2. Click the submit button.<\/p>\n<p style=\"text-align: center;\">Our colleague will contact you soon.<\/p>\n<p style=\"text-align: center;\">Thank you for your interest.<\/p>\n<p>[\/et_pb_text][et_pb_code _builder_version=&#8221;4.27.0&#8243; _module_preset=&#8221;default&#8221; text_orientation=&#8221;center&#8221; global_colors_info=&#8221;{}&#8221;]\n<div class=\"wpcf7 no-js\" id=\"wpcf7-f136-o1\" lang=\"hu-HU\" dir=\"ltr\" data-wpcf7-id=\"136\">\n<div class=\"screen-reader-response\"><p role=\"status\" aria-live=\"polite\" aria-atomic=\"true\"><\/p> <ul><\/ul><\/div>\n<form action=\"\/en\/wp-json\/wp\/v2\/pages\/1778#wpcf7-f136-o1\" method=\"post\" class=\"wpcf7-form init\" aria-label=\"Kapcsolatfelv\u00e9teli \u0171rlap\" novalidate=\"novalidate\" data-status=\"init\" data-trp-original-action=\"\/en\/wp-json\/wp\/v2\/pages\/1778#wpcf7-f136-o1\">\n<fieldset class=\"hidden-fields-container\"><input type=\"hidden\" name=\"_wpcf7\" value=\"136\" \/><input type=\"hidden\" name=\"_wpcf7_version\" value=\"6.1.4\" \/><input type=\"hidden\" name=\"_wpcf7_locale\" value=\"hu_HU\" \/><input type=\"hidden\" name=\"_wpcf7_unit_tag\" value=\"wpcf7-f136-o1\" \/><input type=\"hidden\" name=\"_wpcf7_container_post\" value=\"0\" \/><input type=\"hidden\" name=\"_wpcf7_posted_data_hash\" value=\"\" \/><input type=\"hidden\" name=\"_wpcf7_recaptcha_response\" value=\"\" \/>\n<\/fieldset>\n<p><label> Name<br \/>\n<span class=\"wpcf7-form-control-wrap\" data-name=\"your-name\"><input size=\"40\" maxlength=\"400\" class=\"wpcf7-form-control wpcf7-text wpcf7-validates-as-required\" aria-required=\"true\" aria-invalid=\"false\" value=\"\" type=\"text\" name=\"your-name\" \/><\/span> <\/label>\n<\/p>\n<p><label> Email address<br \/>\n<span class=\"wpcf7-form-control-wrap\" data-name=\"your-email\"><input size=\"40\" maxlength=\"400\" class=\"wpcf7-form-control wpcf7-email wpcf7-validates-as-required wpcf7-text wpcf7-validates-as-email\" aria-required=\"true\" aria-invalid=\"false\" value=\"\" type=\"email\" name=\"your-email\" \/><\/span> <\/label>\n<\/p>\n<p><label> Mobile phone number<br \/>\n<span class=\"wpcf7-form-control-wrap\" data-name=\"tel-899\"><input size=\"40\" maxlength=\"400\" class=\"wpcf7-form-control wpcf7-tel wpcf7-validates-as-required wpcf7-text wpcf7-validates-as-tel\" aria-required=\"true\" aria-invalid=\"false\" value=\"\" type=\"tel\" name=\"tel-899\" \/><\/span> <\/label>\n<\/p>\n<p>A k\u00f6nnyebb \u00fcgyint\u00e9z\u00e9shez k\u00e9rj\u00fck,<br \/>\nadja meg a v\u00e1rmegy\u00e9j\u00e9t:<br \/>\n<span class=\"wpcf7-form-control-wrap\" data-name=\"menu-390\"><select class=\"wpcf7-form-control wpcf7-select wpcf7-validates-as-required\" aria-required=\"true\" aria-invalid=\"false\" name=\"menu-390\"><option value=\"\">&#8212; K\u00e9rj\u00fck, v\u00e1lasszon egy opci\u00f3t &#8212;<\/option><option value=\"Budapest\">Budapest<\/option><option value=\"B\u00e1cs-Kiskun\">B\u00e1cs-Kiskun<\/option><option value=\"Baranya\">Baranya<\/option><option value=\"B\u00e9k\u00e9s\">B\u00e9k\u00e9s<\/option><option value=\"Borsod-Aba\u00faj-Zempl\u00e9n\">Borsod-Aba\u00faj-Zempl\u00e9n<\/option><option value=\"Csongr\u00e1d-Csan\u00e1d\">Csongr\u00e1d-Csan\u00e1d<\/option><option value=\"Fej\u00e9r\">Fej\u00e9r<\/option><option value=\"Gy\u0151r-Moson-Sopron\">Gy\u0151r-Moson-Sopron<\/option><option value=\"Hajd\u00fa-Bihar\">Hajd\u00fa-Bihar<\/option><option value=\"Heves\">Heves<\/option><option value=\"J\u00e1sz-Nagykun-Szolnok\">J\u00e1sz-Nagykun-Szolnok<\/option><option value=\"Kom\u00e1rom-Esztergom\">Kom\u00e1rom-Esztergom<\/option><option value=\"N\u00f3gr\u00e1d\">N\u00f3gr\u00e1d<\/option><option value=\"Pest\">Pest<\/option><option value=\"Somogy\">Somogy<\/option><option value=\"Szabolcs-Szatm\u00e1r-Bereg\">Szabolcs-Szatm\u00e1r-Bereg<\/option><option value=\"Tolna\">Tolna<\/option><option value=\"Vas\">Vas<\/option><option value=\"Veszpr\u00e9m\">Veszpr\u00e9m<\/option><option value=\"Zala\">Zala<\/option><\/select><\/span>\n<\/p>\n<p>***<br \/>\nStatement:<span class=\"wpcf7-form-control-wrap\" data-name=\"accept-adatvedelem\"><span class=\"wpcf7-form-control wpcf7-acceptance\"><span class=\"wpcf7-list-item\"><label><input type=\"checkbox\" name=\"accept-adatvedelem\" value=\"1\" aria-invalid=\"false\" \/><span class=\"wpcf7-list-item-label\">I accept the <span style=\"color: #0000ff;\"><a style=\"color: #0000ff;\" href=\"http:\/\/metmark.hu\/adatvedelem\/\" target=\"_blank\" rel=\"noopener\">Privacy policy<\/a><\/span>.<\/span><\/label><\/span><\/span><\/span>\n<\/p>\n<p><input class=\"wpcf7-form-control wpcf7-submit has-spinner\" type=\"submit\" value=\"SEND\" \/>\n<\/p><div class=\"wpcf7-response-output\" aria-hidden=\"true\"><\/div>\n<input type=\"hidden\" name=\"trp-form-language\" value=\"en\"\/><\/form>\n<\/div>\n[\/et_pb_code][\/et_pb_column][\/et_pb_row][\/et_pb_section]<\/p>","protected":false},"excerpt":{"rendered":"<p>A vadh\u00e1l\u00f3 a sz\u0151l\u0151\u00fcltetv\u00e9nyek, mez\u0151gazdas\u00e1gi ter\u00fcletek \u00e9s erd\u0151k hat\u00e9kony v\u00e9delmez\u0151je a betolakod\u00f3k ellen. Az \u00e1ltalunk forgalmazott vadh\u00e1l\u00f3k horganyzott ac\u00e9lhuzalb\u00f3l k\u00e9sz\u00fclnek, speci\u00e1lis csom\u00f3z\u00e1si technik\u00e1val.Magass\u00e1g:\u00a0160 cm \/ 180 cm \/ 200 cm Tekercs hossza:\u00a050 m\u00e9ter Sz\u00e1lvastags\u00e1g:\u00a0f\u00fcgg\u0151leges sz\u00e1l 2,2 mm, v\u00edzszintes sz\u00e1l 2,8 mmK\u00fcl\u00f6nb\u00f6z\u0151 sz\u00e1lkioszt\u00e1ssal el\u00e9rhet\u0151 k\u00edn\u00e1latunkban. A lyukkioszt\u00e1s alul s\u0171r\u0171bb, felfel\u00e9 haladva ritk\u00e1bb. Az\u00a0S S sz\u00e1lkioszt\u00e1s\u00fa vadh\u00e1l\u00f3\u00a0rakt\u00e1rk\u00e9szletr\u0151l [&hellip;]<\/p>","protected":false},"author":1,"featured_media":0,"parent":0,"menu_order":0,"comment_status":"closed","ping_status":"closed","template":"","meta":{"_et_pb_use_builder":"on","_et_pb_old_content":"","_et_gb_content_width":"","footnotes":""},"class_list":["post-1778","page","type-page","status-publish","hentry"],"aioseo_notices":[],"_links":{"self":[{"href":"https:\/\/femkerites.hu\/en\/wp-json\/wp\/v2\/pages\/1778","targetHints":{"allow":["GET"]}}],"collection":[{"href":"https:\/\/femkerites.hu\/en\/wp-json\/wp\/v2\/pages"}],"about":[{"href":"https:\/\/femkerites.hu\/en\/wp-json\/wp\/v2\/types\/page"}],"author":[{"embeddable":true,"href":"https:\/\/femkerites.hu\/en\/wp-json\/wp\/v2\/users\/1"}],"replies":[{"embeddable":true,"href":"https:\/\/femkerites.hu\/en\/wp-json\/wp\/v2\/comments?post=1778"}],"version-history":[{"count":6,"href":"https:\/\/femkerites.hu\/en\/wp-json\/wp\/v2\/pages\/1778\/revisions"}],"predecessor-version":[{"id":1927,"href":"https:\/\/femkerites.hu\/en\/wp-json\/wp\/v2\/pages\/1778\/revisions\/1927"}],"wp:attachment":[{"href":"https:\/\/femkerites.hu\/en\/wp-json\/wp\/v2\/media?parent=1778"}],"curies":[{"name":"wp","href":"https:\/\/api.w.org\/{rel}","templated":true}]}}