{"id":1759,"date":"2024-07-31T09:21:16","date_gmt":"2024-07-31T07:21:16","guid":{"rendered":"https:\/\/femkerites.hu\/?page_id=1759"},"modified":"2024-08-07T09:37:42","modified_gmt":"2024-08-07T07:37:42","slug":"tablas-keritesrendszer","status":"publish","type":"page","link":"https:\/\/femkerites.hu\/en\/tablas-keritesrendszer\/","title":{"rendered":"Wire fence panels"},"content":{"rendered":"<p>[et_pb_section fb_built=&#8221;1&#8243; _builder_version=&#8221;4.26.1&#8243; _module_preset=&#8221;default&#8221; global_colors_info=&#8221;{}&#8221;][et_pb_row _builder_version=&#8221;4.26.1&#8243; _module_preset=&#8221;default&#8221; global_colors_info=&#8221;{}&#8221;][et_pb_column type=&#8221;4_4&#8243; _builder_version=&#8221;4.26.1&#8243; _module_preset=&#8221;default&#8221; global_colors_info=&#8221;{}&#8221;][et_pb_heading title=&#8221;T\u00e1bl\u00e1s ker\u00edt\u00e9srendszerek&#8221; _builder_version=&#8221;4.27.0&#8243; _module_preset=&#8221;default&#8221; global_colors_info=&#8221;{}&#8221;][\/et_pb_heading][\/et_pb_column][\/et_pb_row][et_pb_row column_structure=&#8221;1_3,2_3&#8243; _builder_version=&#8221;4.26.1&#8243; _module_preset=&#8221;default&#8221; global_colors_info=&#8221;{}&#8221;][et_pb_column type=&#8221;1_3&#8243; _builder_version=&#8221;4.26.1&#8243; _module_preset=&#8221;default&#8221; global_colors_info=&#8221;{}&#8221;][et_pb_image src=&#8221;https:\/\/femkerites.hu\/wp-content\/uploads\/2021\/07\/tablas.png&#8221; title_text=&#8221;t\u00e1bl\u00e1s&#8221; _builder_version=&#8221;4.27.0&#8243; _module_preset=&#8221;default&#8221; global_colors_info=&#8221;{}&#8221;][\/et_pb_image][\/et_pb_column][et_pb_column type=&#8221;2_3&#8243; _builder_version=&#8221;4.26.1&#8243; _module_preset=&#8221;default&#8221; global_colors_info=&#8221;{}&#8221;][et_pb_text _builder_version=&#8221;4.27.0&#8243; _module_preset=&#8221;default&#8221; global_colors_info=&#8221;{}&#8221;]<\/p>\n<p><span>A hagyom\u00e1nyos, megb\u00edzhat\u00f3 megold\u00e1s mind a kertek, mind a k\u00f6zter\u00fcletek vagy ipari ingatlanok v\u00e9delm\u00e9re.<\/span><\/p>\n<p><span>A t\u00e1bl\u00e1s ker\u00edt\u00e9s ezerszer bizony\u00edtotta m\u00e1r, hogy visszafogott megjelen\u00e9s\u00e9vel b\u00e1rmilyen k\u00f6rnyezetben eszt\u00e9tikus hat\u00e1st ny\u00fajt.<\/span><\/p>\n<p>[\/et_pb_text][\/et_pb_column][\/et_pb_row][et_pb_row _builder_version=&#8221;4.27.0&#8243; _module_preset=&#8221;default&#8221; global_colors_info=&#8221;{}&#8221;][et_pb_column type=&#8221;4_4&#8243; _builder_version=&#8221;4.26.1&#8243; _module_preset=&#8221;default&#8221; global_colors_info=&#8221;{}&#8221;][et_pb_heading title=&#8221;Param\u00e9terek&#8221; _builder_version=&#8221;4.26.1&#8243; _module_preset=&#8221;default&#8221; background_enable_image=&#8221;off&#8221; global_colors_info=&#8221;{}&#8221;][\/et_pb_heading][et_pb_toggle title=&#8221;Kivitel&#8221; open=&#8221;on&#8221; _builder_version=&#8221;4.27.0&#8243; _module_preset=&#8221;default&#8221; global_colors_info=&#8221;{}&#8221;]<\/p>\n<p>T\u00e1bl\u00e1s ker\u00edt\u00e9seink horganyzott ac\u00e9lhuzalb\u00f3l, ut\u00f3lagos ponthegeszt\u00e9ssel k\u00e9sz\u00fclnek.<\/p>\n<p>Az elemek trap\u00e9zbord\u00e1val vannak ell\u00e1tva, melynek k\u00f6sz\u00f6nhet\u0151en merevek \u00e9s er\u0151sek maradnak.<\/p>\n<p>[\/et_pb_toggle][et_pb_toggle title=&#8221;M\u00e9retek&#8221; open=&#8221;on&#8221; _builder_version=&#8221;4.27.0&#8243; _module_preset=&#8221;default&#8221; global_colors_info=&#8221;{}&#8221;]<\/p>\n<p><strong>Magass\u00e1g:<span>\u00a0<\/span><\/strong>103 cm \/ 123 cm \/ 153 cm \/ 173 cm \/ 203 cm<\/p>\n<p><strong>Sz\u00e9less\u00e9g:<span>\u00a0<\/span><\/strong>250 cm<\/p>\n<p><strong>Sz\u00e1lvastags\u00e1g:\u00a0<\/strong>a festett t\u00e1bl\u00e1kn\u00e1l 3,7 mm, a horganyzott t\u00e1bl\u00e1kn\u00e1l 3,8 mm<\/p>\n<p>[\/et_pb_toggle][et_pb_toggle title=&#8221;Fel\u00fcletkezel\u00e9s&#8221; open=&#8221;on&#8221; _builder_version=&#8221;4.27.0&#8243; _module_preset=&#8221;default&#8221; global_colors_info=&#8221;{}&#8221;]<\/p>\n<ul>\n<li>el\u0151horganyzott<\/li>\n<li>ut\u00f3horganyzott<\/li>\n<li>porsz\u00f3r\u00e1ssal festett<\/li>\n<\/ul>\n<p>[\/et_pb_toggle][et_pb_toggle title=&#8221;Sz\u00ednek&#8221; open=&#8221;on&#8221; _builder_version=&#8221;4.27.0&#8243; _module_preset=&#8221;default&#8221; global_colors_info=&#8221;{}&#8221;]<\/p>\n<p>A t\u00e1bl\u00e1s ker\u00edt\u00e9sek porsz\u00f3r\u00e1ssal festve k\u00e9t sz\u00ednben el\u00e9rhet\u0151k k\u00edn\u00e1latunkban:<\/p>\n<ul>\n<li><strong>z\u00f6ld<\/strong><span>\u00a0<\/span>(RAL 6004)<\/li>\n<li><strong>antracitsz\u00fcrke<\/strong><span>\u00a0<\/span>(RAL 7016)<\/li>\n<\/ul>\n<p>[\/et_pb_toggle][et_pb_toggle title=&#8221;Kieg\u00e9sz\u00edt\u0151k&#8221; open=&#8221;on&#8221; _builder_version=&#8221;4.27.0&#8243; _module_preset=&#8221;default&#8221; global_colors_info=&#8221;{}&#8221;]<\/p>\n<p>A t\u00e1bl\u00e1s ker\u00edt\u00e9srendszer telep\u00edt\u00e9s\u00e9hez sz\u00fcks\u00e9ges valamennyi kieg\u00e9sz\u00edt\u0151t rakt\u00e1rk\u00e9szletr\u0151l forgalmazzuk.<\/p>\n<p><strong>Oszlopok:\u00a0<\/strong>60\u00d740 mm-es z\u00e1rtszelv\u00e9ny el\u00e9rhet\u0151 rakt\u00e1rk\u00e9szleten, a ker\u00edt\u00e9st\u00e1bl\u00e1knak megfelel\u0151 sz\u00ednekben. Magass\u00e1ga 200 cm, 230 cm vagy 260 cm.<\/p>\n<p><strong>R\u00f6gz\u00edt\u0151elemek:\u00a0<\/strong>v\u00e9gelem, k\u00f6ztes elem, sarokelem, r\u00f6gz\u00edt\u0151 lapka csavarral el\u00e9rhet\u0151 rakt\u00e1rr\u00f3l, \u201eU\u201d bilincset pedig rendel\u00e9sre tudunk biztos\u00edtani.<br \/>R\u00e9szletek a lap alj\u00e1n.<\/p>\n<p>[\/et_pb_toggle][et_pb_toggle title=&#8221;Rakt\u00e1rk\u00e9szlet&#8221; open=&#8221;on&#8221; _builder_version=&#8221;4.27.0&#8243; _module_preset=&#8221;default&#8221; global_colors_info=&#8221;{}&#8221;]<\/p>\n<p>Az<span>\u00a0<\/span><strong>el\u0151horganyzott \u00e9s festett ker\u00edt\u00e9st\u00e1bl\u00e1k \u00e9s ker\u00edt\u00e9soszlopok<\/strong><span>\u00a0<\/span>a k\u00e9szlet erej\u00e9ig valamennyi magass\u00e1gban \u00e9s sz\u00ednben el\u00e9rhet\u0151ek szeksz\u00e1rdi rakt\u00e1runkban.<\/p>\n<p>Az ut\u00f3horganyzott ker\u00edt\u00e9st\u00e1bl\u00e1k ig\u00e9ny szerint rendelhet\u0151k.<\/p>\n<p>[\/et_pb_toggle][\/et_pb_column][\/et_pb_row][et_pb_row _builder_version=&#8221;4.27.0&#8243; _module_preset=&#8221;default&#8221; global_colors_info=&#8221;{}&#8221;][et_pb_column type=&#8221;4_4&#8243; _builder_version=&#8221;4.27.0&#8243; _module_preset=&#8221;default&#8221; global_colors_info=&#8221;{}&#8221;][et_pb_heading title=&#8221;R\u00f6gz\u00edt\u0151elemek&#8221; _builder_version=&#8221;4.27.0&#8243; _module_preset=&#8221;default&#8221; global_colors_info=&#8221;{}&#8221;][\/et_pb_heading][\/et_pb_column][\/et_pb_row][et_pb_row column_structure=&#8221;1_4,1_4,1_4,1_4&#8243; _builder_version=&#8221;4.27.0&#8243; _module_preset=&#8221;default&#8221; locked=&#8221;off&#8221; global_colors_info=&#8221;{}&#8221;][et_pb_column type=&#8221;1_4&#8243; _builder_version=&#8221;4.27.0&#8243; _module_preset=&#8221;default&#8221; global_colors_info=&#8221;{}&#8221;][et_pb_text _builder_version=&#8221;4.27.0&#8243; _module_preset=&#8221;default&#8221; global_colors_info=&#8221;{}&#8221;]<\/p>\n<h2 style=\"text-align: center;\">V\u00c9GELEM<\/h2>\n<p style=\"text-align: center;\">k\u00e9szleten<\/p>\n<p>[\/et_pb_text][et_pb_image src=&#8221;https:\/\/femkerites.hu\/wp-content\/uploads\/2018\/05\/kerites_rogzito_metmark_1.jpg&#8221; title_text=&#8221;kerites_rogzito_metmark_1&#8243; _builder_version=&#8221;4.27.0&#8243; _module_preset=&#8221;default&#8221; global_colors_info=&#8221;{}&#8221;][\/et_pb_image][et_pb_image src=&#8221;https:\/\/femkerites.hu\/wp-content\/uploads\/2018\/05\/3d_kerites_metmark_3.jpg&#8221; title_text=&#8221;3d_kerites_metmark_3&#8243; _builder_version=&#8221;4.27.0&#8243; _module_preset=&#8221;default&#8221; global_colors_info=&#8221;{}&#8221;][\/et_pb_image][\/et_pb_column][et_pb_column type=&#8221;1_4&#8243; _builder_version=&#8221;4.27.0&#8243; _module_preset=&#8221;default&#8221; global_colors_info=&#8221;{}&#8221;][et_pb_text _builder_version=&#8221;4.27.0&#8243; _module_preset=&#8221;default&#8221; global_colors_info=&#8221;{}&#8221;]<\/p>\n<h2 style=\"text-align: center;\">K\u00d6ZTESELEM<\/h2>\n<p style=\"text-align: center;\">k\u00e9szleten<\/p>\n<p>[\/et_pb_text][et_pb_image src=&#8221;https:\/\/femkerites.hu\/wp-content\/uploads\/2018\/05\/kerites_rogzito_metmark_2.jpg&#8221; title_text=&#8221;kerites_rogzito_metmark_2&#8243; _builder_version=&#8221;4.27.0&#8243; _module_preset=&#8221;default&#8221; global_colors_info=&#8221;{}&#8221;][\/et_pb_image][et_pb_image src=&#8221;https:\/\/femkerites.hu\/wp-content\/uploads\/2018\/05\/kerites_rogzito_metmark_4.jpg&#8221; title_text=&#8221;kerites_rogzito_metmark_4&#8243; _builder_version=&#8221;4.27.0&#8243; _module_preset=&#8221;default&#8221; global_colors_info=&#8221;{}&#8221;][\/et_pb_image][\/et_pb_column][et_pb_column type=&#8221;1_4&#8243; _builder_version=&#8221;4.27.0&#8243; _module_preset=&#8221;default&#8221; global_colors_info=&#8221;{}&#8221;][et_pb_text _builder_version=&#8221;4.27.0&#8243; _module_preset=&#8221;default&#8221; global_colors_info=&#8221;{}&#8221;]<\/p>\n<h2 style=\"text-align: center;\">&#8222;U&#8221; BILINCS<\/h2>\n<p style=\"text-align: center;\">rendel\u00e9sre<\/p>\n<p>[\/et_pb_text][et_pb_image src=&#8221;https:\/\/femkerites.hu\/wp-content\/uploads\/2018\/05\/kerites_rogzito_metmark_8-2.jpg&#8221; title_text=&#8221;kerites_rogzito_metmark_8-2&#8243; _builder_version=&#8221;4.27.0&#8243; _module_preset=&#8221;default&#8221; global_colors_info=&#8221;{}&#8221;][\/et_pb_image][et_pb_image src=&#8221;https:\/\/femkerites.hu\/wp-content\/uploads\/2018\/05\/kerites_rogzito_metmark_7.jpg&#8221; title_text=&#8221;kerites_rogzito_metmark_7&#8243; _builder_version=&#8221;4.27.0&#8243; _module_preset=&#8221;default&#8221; global_colors_info=&#8221;{}&#8221;][\/et_pb_image][\/et_pb_column][et_pb_column type=&#8221;1_4&#8243; _builder_version=&#8221;4.27.0&#8243; _module_preset=&#8221;default&#8221; global_colors_info=&#8221;{}&#8221;][et_pb_text _builder_version=&#8221;4.27.0&#8243; _module_preset=&#8221;default&#8221; global_colors_info=&#8221;{}&#8221;]<\/p>\n<h2 style=\"text-align: center;\">R\u00d6GZ\u00cdT\u0150 LAPKA CSAVARRAL<\/h2>\n<p style=\"text-align: center;\">k\u00e9szleten<\/p>\n<p>[\/et_pb_text][et_pb_image src=&#8221;https:\/\/femkerites.hu\/wp-content\/uploads\/2019\/04\/rogzito-bilincs-horganyzott-metmark-1.jpg&#8221; title_text=&#8221;rogzito-bilincs-horganyzott-metmark-1&#8243; _builder_version=&#8221;4.27.0&#8243; _module_preset=&#8221;default&#8221; global_colors_info=&#8221;{}&#8221;][\/et_pb_image][et_pb_image src=&#8221;https:\/\/femkerites.hu\/wp-content\/uploads\/2019\/04\/rogzito-bilincs-horganyzott-es-szinterezett-metmark-1.jpg&#8221; title_text=&#8221;rogzito-bilincs-horganyzott-es-szinterezett-metmark-1&#8243; _builder_version=&#8221;4.27.0&#8243; _module_preset=&#8221;default&#8221; global_colors_info=&#8221;{}&#8221;][\/et_pb_image][\/et_pb_column][\/et_pb_row][et_pb_row _builder_version=&#8221;4.26.1&#8243; _module_preset=&#8221;default&#8221; global_colors_info=&#8221;{}&#8221; locked=&#8221;off&#8221;][et_pb_column type=&#8221;4_4&#8243; _builder_version=&#8221;4.26.1&#8243; _module_preset=&#8221;default&#8221; global_colors_info=&#8221;{}&#8221;][et_pb_heading title=&#8221;Aj\u00e1nlatk\u00e9r\u00e9s&#8221; _builder_version=&#8221;4.27.0&#8243; _module_preset=&#8221;default&#8221; background_enable_image=&#8221;off&#8221; hover_enabled=&#8221;0&#8243; global_colors_info=&#8221;{}&#8221; sticky_enabled=&#8221;0&#8243;][\/et_pb_heading][\/et_pb_column][\/et_pb_row][et_pb_row _builder_version=&#8221;4.27.0&#8243; _module_preset=&#8221;default&#8221; global_colors_info=&#8221;{}&#8221; locked=&#8221;off&#8221;][et_pb_column type=&#8221;4_4&#8243; _builder_version=&#8221;4.27.0&#8243; _module_preset=&#8221;default&#8221; global_colors_info=&#8221;{}&#8221;][et_pb_text _builder_version=&#8221;4.27.0&#8243; _module_preset=&#8221;default&#8221; global_colors_info=&#8221;{}&#8221;]<\/p>\n<h2 style=\"text-align: center;\">Would you like more information? Ask for a free call back!<\/h2>\n<p style=\"text-align: center;\">1. Please fill out the callback form exactly.<\/p>\n<p style=\"text-align: center;\">2. Click the submit button.<\/p>\n<p style=\"text-align: center;\">Our colleague will contact you soon.<\/p>\n<p style=\"text-align: center;\">Thank you for your interest.<\/p>\n<p>[\/et_pb_text][et_pb_code _builder_version=&#8221;4.27.0&#8243; _module_preset=&#8221;default&#8221; text_orientation=&#8221;center&#8221; global_colors_info=&#8221;{}&#8221;]\n<div class=\"wpcf7 no-js\" id=\"wpcf7-f136-o1\" lang=\"hu-HU\" dir=\"ltr\" data-wpcf7-id=\"136\">\n<div class=\"screen-reader-response\"><p role=\"status\" aria-live=\"polite\" aria-atomic=\"true\"><\/p> <ul><\/ul><\/div>\n<form action=\"\/en\/wp-json\/wp\/v2\/pages\/1759#wpcf7-f136-o1\" method=\"post\" class=\"wpcf7-form init\" aria-label=\"Kapcsolatfelv\u00e9teli \u0171rlap\" novalidate=\"novalidate\" data-status=\"init\" data-trp-original-action=\"\/en\/wp-json\/wp\/v2\/pages\/1759#wpcf7-f136-o1\">\n<fieldset class=\"hidden-fields-container\"><input type=\"hidden\" name=\"_wpcf7\" value=\"136\" \/><input type=\"hidden\" name=\"_wpcf7_version\" value=\"6.1.4\" \/><input type=\"hidden\" name=\"_wpcf7_locale\" value=\"hu_HU\" \/><input type=\"hidden\" name=\"_wpcf7_unit_tag\" value=\"wpcf7-f136-o1\" \/><input type=\"hidden\" name=\"_wpcf7_container_post\" value=\"0\" \/><input type=\"hidden\" name=\"_wpcf7_posted_data_hash\" value=\"\" \/><input type=\"hidden\" name=\"_wpcf7_recaptcha_response\" value=\"\" \/>\n<\/fieldset>\n<p><label> Name<br \/>\n<span class=\"wpcf7-form-control-wrap\" data-name=\"your-name\"><input size=\"40\" maxlength=\"400\" class=\"wpcf7-form-control wpcf7-text wpcf7-validates-as-required\" aria-required=\"true\" aria-invalid=\"false\" value=\"\" type=\"text\" name=\"your-name\" \/><\/span> <\/label>\n<\/p>\n<p><label> Email address<br \/>\n<span class=\"wpcf7-form-control-wrap\" data-name=\"your-email\"><input size=\"40\" maxlength=\"400\" class=\"wpcf7-form-control wpcf7-email wpcf7-validates-as-required wpcf7-text wpcf7-validates-as-email\" aria-required=\"true\" aria-invalid=\"false\" value=\"\" type=\"email\" name=\"your-email\" \/><\/span> <\/label>\n<\/p>\n<p><label> Mobile phone number<br \/>\n<span class=\"wpcf7-form-control-wrap\" data-name=\"tel-899\"><input size=\"40\" maxlength=\"400\" class=\"wpcf7-form-control wpcf7-tel wpcf7-validates-as-required wpcf7-text wpcf7-validates-as-tel\" aria-required=\"true\" aria-invalid=\"false\" value=\"\" type=\"tel\" name=\"tel-899\" \/><\/span> <\/label>\n<\/p>\n<p>A k\u00f6nnyebb \u00fcgyint\u00e9z\u00e9shez k\u00e9rj\u00fck,<br \/>\nadja meg a v\u00e1rmegy\u00e9j\u00e9t:<br \/>\n<span class=\"wpcf7-form-control-wrap\" data-name=\"menu-390\"><select class=\"wpcf7-form-control wpcf7-select wpcf7-validates-as-required\" aria-required=\"true\" aria-invalid=\"false\" name=\"menu-390\"><option value=\"\">&#8212; K\u00e9rj\u00fck, v\u00e1lasszon egy opci\u00f3t &#8212;<\/option><option value=\"Budapest\">Budapest<\/option><option value=\"B\u00e1cs-Kiskun\">B\u00e1cs-Kiskun<\/option><option value=\"Baranya\">Baranya<\/option><option value=\"B\u00e9k\u00e9s\">B\u00e9k\u00e9s<\/option><option value=\"Borsod-Aba\u00faj-Zempl\u00e9n\">Borsod-Aba\u00faj-Zempl\u00e9n<\/option><option value=\"Csongr\u00e1d-Csan\u00e1d\">Csongr\u00e1d-Csan\u00e1d<\/option><option value=\"Fej\u00e9r\">Fej\u00e9r<\/option><option value=\"Gy\u0151r-Moson-Sopron\">Gy\u0151r-Moson-Sopron<\/option><option value=\"Hajd\u00fa-Bihar\">Hajd\u00fa-Bihar<\/option><option value=\"Heves\">Heves<\/option><option value=\"J\u00e1sz-Nagykun-Szolnok\">J\u00e1sz-Nagykun-Szolnok<\/option><option value=\"Kom\u00e1rom-Esztergom\">Kom\u00e1rom-Esztergom<\/option><option value=\"N\u00f3gr\u00e1d\">N\u00f3gr\u00e1d<\/option><option value=\"Pest\">Pest<\/option><option value=\"Somogy\">Somogy<\/option><option value=\"Szabolcs-Szatm\u00e1r-Bereg\">Szabolcs-Szatm\u00e1r-Bereg<\/option><option value=\"Tolna\">Tolna<\/option><option value=\"Vas\">Vas<\/option><option value=\"Veszpr\u00e9m\">Veszpr\u00e9m<\/option><option value=\"Zala\">Zala<\/option><\/select><\/span>\n<\/p>\n<p>***<br \/>\nStatement:<span class=\"wpcf7-form-control-wrap\" data-name=\"accept-adatvedelem\"><span class=\"wpcf7-form-control wpcf7-acceptance\"><span class=\"wpcf7-list-item\"><label><input type=\"checkbox\" name=\"accept-adatvedelem\" value=\"1\" aria-invalid=\"false\" \/><span class=\"wpcf7-list-item-label\">I accept the <span style=\"color: #0000ff;\"><a style=\"color: #0000ff;\" href=\"http:\/\/metmark.hu\/adatvedelem\/\" target=\"_blank\" rel=\"noopener\">Privacy policy<\/a><\/span>.<\/span><\/label><\/span><\/span><\/span>\n<\/p>\n<p><input class=\"wpcf7-form-control wpcf7-submit has-spinner\" type=\"submit\" value=\"SEND\" \/>\n<\/p><div class=\"wpcf7-response-output\" aria-hidden=\"true\"><\/div>\n<input type=\"hidden\" name=\"trp-form-language\" value=\"en\"\/><\/form>\n<\/div>\n[\/et_pb_code][\/et_pb_column][\/et_pb_row][\/et_pb_section]<\/p>","protected":false},"excerpt":{"rendered":"<p>A hagyom\u00e1nyos, megb\u00edzhat\u00f3 megold\u00e1s mind a kertek, mind a k\u00f6zter\u00fcletek vagy ipari ingatlanok v\u00e9delm\u00e9re. A t\u00e1bl\u00e1s ker\u00edt\u00e9s ezerszer bizony\u00edtotta m\u00e1r, hogy visszafogott megjelen\u00e9s\u00e9vel b\u00e1rmilyen k\u00f6rnyezetben eszt\u00e9tikus hat\u00e1st ny\u00fajt.T\u00e1bl\u00e1s ker\u00edt\u00e9seink horganyzott ac\u00e9lhuzalb\u00f3l, ut\u00f3lagos ponthegeszt\u00e9ssel k\u00e9sz\u00fclnek. Az elemek trap\u00e9zbord\u00e1val vannak ell\u00e1tva, melynek k\u00f6sz\u00f6nhet\u0151en merevek \u00e9s er\u0151sek maradnak.Magass\u00e1g:\u00a0103 cm \/ 123 cm \/ 153 cm \/ 173 cm [&hellip;]<\/p>","protected":false},"author":1,"featured_media":0,"parent":0,"menu_order":0,"comment_status":"closed","ping_status":"closed","template":"","meta":{"_et_pb_use_builder":"on","_et_pb_old_content":"","_et_gb_content_width":"","footnotes":""},"class_list":["post-1759","page","type-page","status-publish","hentry"],"aioseo_notices":[],"_links":{"self":[{"href":"https:\/\/femkerites.hu\/en\/wp-json\/wp\/v2\/pages\/1759","targetHints":{"allow":["GET"]}}],"collection":[{"href":"https:\/\/femkerites.hu\/en\/wp-json\/wp\/v2\/pages"}],"about":[{"href":"https:\/\/femkerites.hu\/en\/wp-json\/wp\/v2\/types\/page"}],"author":[{"embeddable":true,"href":"https:\/\/femkerites.hu\/en\/wp-json\/wp\/v2\/users\/1"}],"replies":[{"embeddable":true,"href":"https:\/\/femkerites.hu\/en\/wp-json\/wp\/v2\/comments?post=1759"}],"version-history":[{"count":10,"href":"https:\/\/femkerites.hu\/en\/wp-json\/wp\/v2\/pages\/1759\/revisions"}],"predecessor-version":[{"id":1929,"href":"https:\/\/femkerites.hu\/en\/wp-json\/wp\/v2\/pages\/1759\/revisions\/1929"}],"wp:attachment":[{"href":"https:\/\/femkerites.hu\/en\/wp-json\/wp\/v2\/media?parent=1759"}],"curies":[{"name":"wp","href":"https:\/\/api.w.org\/{rel}","templated":true}]}}